{"id":1924,"date":"2024-05-19T20:19:43","date_gmt":"2024-05-19T17:19:43","guid":{"rendered":"https:\/\/romhemder.com\/?page_id=1924"},"modified":"2024-05-19T22:36:54","modified_gmt":"2024-05-19T19:36:54","slug":"anitkabir-ziyareti-ve-celenk-koyma","status":"publish","type":"page","link":"https:\/\/romhemder.com\/?page_id=1924","title":{"rendered":"An\u0131tkabir Ziyareti ve Mozoleye \u00c7elenk Koyma"},"content":{"rendered":"\n<div class=\"wp-block-group alignfull has-background\" style=\"background-color:#f5eac1;padding-top:6vw;padding-right:6vw;padding-bottom:6vw;padding-left:6vw\"><div class=\"wp-block-group__inner-container is-layout-flow wp-block-group-is-layout-flow\">\n<div class=\"wp-block-group is-vertical is-nowrap is-layout-flex wp-container-core-group-is-layout-287ef9cb wp-block-group-is-layout-flex\" style=\"padding-right:0;padding-left:0\">\n<h6 class=\"has-text-align-left wp-block-heading has-text-color\" id=\"ecosystem\" style=\"color:#000000;font-size:28px\">12-18 May\u0131s<\/h6>\n\n\n\n<p class=\"has-text-align-left has-text-color\" style=\"color:#000000;font-size:2vw;font-style:normal;font-weight:700;line-height:0.9;text-decoration:none;text-transform:none;letter-spacing:0px\">Hem\u015fireler Haftas\u0131 An\u0131tkabir Ziyareti ve Mozoleye \u00c7elenk Koyma T\u00f6reni<\/p>\n<\/div>\n\n\n\n<div style=\"height:1vw\" aria-hidden=\"true\" class=\"wp-block-spacer\"><\/div>\n\n\n\n<div class=\"wp-block-group alignwide is-vertical is-nowrap is-layout-flex wp-container-core-group-is-layout-8171334d wp-block-group-is-layout-flex\" style=\"padding-top:0;padding-right:0;padding-bottom:0;padding-left:0\">\n<div class=\"wp-block-columns alignwide is-layout-flex wp-container-core-columns-is-layout-2656d967 wp-block-columns-is-layout-flex\">\n<div class=\"wp-block-column is-layout-flow wp-block-column-is-layout-flow\" style=\"flex-basis:33.38%\">\n<p class=\"has-text-color\" style=\"color:#000000;font-size:17px\"><em>Hem\u015firelik, sadece bir meslek de\u011fil, insan hayat\u0131n\u0131n en hassas anlar\u0131nda yan\u0131nda olmay\u0131, \u015fefkatle dokunmay\u0131 ve iyile\u015ftirmeyi gerektiren kutsal bir g\u00f6revdir. Her g\u00fcn, sab\u0131rla, merhametle ve profesyonellikle g\u00f6revlerini yerine getirerek sa\u011fl\u0131k sistemimizin bel kemi\u011fini olu\u015ftururlar.<\/em><\/p>\n\n\n\n<p class=\"has-text-color\" style=\"color:#000000;font-size:17px\">Bug\u00fcn, hem\u015firelerimizin g\u00f6sterdi\u011fi bu ola\u011fan\u00fcst\u00fc \u00e7abalar\u0131 takdir etmek ve onlar\u0131n de\u011ferini bir kez daha vurgulamak i\u00e7in fark\u0131ndal\u0131k yaratmak istiyoruz. Bizlerde, 12- 18 May\u0131s Hem\u015firelik Haftas\u0131 nedeniyle Romatoloji Hem\u015fireleri Derne\u011fi olarak An\u0131tkabir Ziyareti ger\u00e7ekle\u015ftirerek, Mozoleye \u00c7elenk Koyma T\u00f6reni ger\u00e7ekle\u015ftirdik, Derne\u011fimizi temsilen an\u0131 defterimizi imzalad\u0131k.<\/p>\n<\/div>\n\n\n\n<div class=\"wp-block-column is-layout-flow wp-block-column-is-layout-flow\" style=\"flex-basis:33%\">\n<div style=\"height:2vw\" aria-hidden=\"true\" class=\"wp-block-spacer\"><\/div>\n\n\n\n<figure class=\"wp-block-image size-large\"><img loading=\"lazy\" decoding=\"async\" width=\"831\" height=\"1024\" src=\"http:\/\/romhemder.com\/wp-content\/uploads\/2024\/05\/WhatsApp-Image-2024-05-19-at-12.58.20-2-831x1024.jpeg\" alt=\"\" class=\"wp-image-1921\"\/><\/figure>\n<\/div>\n\n\n\n<div class=\"wp-block-column is-layout-flow wp-block-column-is-layout-flow\" style=\"flex-basis:33.62%\">\n<figure class=\"wp-block-image size-large\"><img loading=\"lazy\" decoding=\"async\" width=\"1024\" height=\"682\" src=\"http:\/\/romhemder.com\/wp-content\/uploads\/2024\/05\/WhatsApp-Image-2024-05-19-at-12.58.19-1024x682.jpeg\" alt=\"\" class=\"wp-image-1919\" srcset=\"https:\/\/romhemder.com\/wp-content\/uploads\/2024\/05\/WhatsApp-Image-2024-05-19-at-12.58.19-1024x682.jpeg 1024w, https:\/\/romhemder.com\/wp-content\/uploads\/2024\/05\/WhatsApp-Image-2024-05-19-at-12.58.19-300x200.jpeg 300w, https:\/\/romhemder.com\/wp-content\/uploads\/2024\/05\/WhatsApp-Image-2024-05-19-at-12.58.19-768x512.jpeg 768w, https:\/\/romhemder.com\/wp-content\/uploads\/2024\/05\/WhatsApp-Image-2024-05-19-at-12.58.19-1536x1023.jpeg 1536w, https:\/\/romhemder.com\/wp-content\/uploads\/2024\/05\/WhatsApp-Image-2024-05-19-at-12.58.19.jpeg 1600w\" sizes=\"auto, (max-width: 1024px) 100vw, 1024px\" \/><\/figure>\n<\/div>\n<\/div>\n\n\n\n<div class=\"wp-block-columns alignwide is-layout-flex wp-container-core-columns-is-layout-724a882f wp-block-columns-is-layout-flex\">\n<div class=\"wp-block-column is-layout-flow wp-block-column-is-layout-flow\" style=\"flex-basis:69%\">\n<figure class=\"wp-block-image size-large is-resized\"><img loading=\"lazy\" decoding=\"async\" src=\"http:\/\/romhemder.com\/wp-content\/uploads\/2024\/05\/WhatsApp-Image-2024-05-19-at-12.58.20-652x1024.jpeg\" alt=\"\" class=\"wp-image-1922\" width=\"474\" height=\"744\"\/><\/figure>\n<\/div>\n\n\n\n<div class=\"wp-block-column is-vertically-aligned-center is-layout-flow wp-block-column-is-layout-flow\" style=\"flex-basis:33%\">\n<div style=\"height:2vw\" aria-hidden=\"true\" class=\"wp-block-spacer\"><\/div>\n\n\n\n<p class=\"has-text-color\" style=\"color:#000000;font-size:17px\">&#8220;De\u011ferli Atam, Bug\u00fcn burada, Romatoloji Hem\u015fireleri Derne\u011fi olarak, sayg\u0131, minnet ve \u00f6zlemle huzurunday\u0131z. Sa\u011fl\u0131k alan\u0131ndaki ilerlemeler ve mesleki geli\u015fimlerimizle, sizin \u00e7izdi\u011finiz ayd\u0131nl\u0131k yolda y\u00fcr\u00fcmenin gururunu ya\u015f\u0131yoruz. Kurdu\u011funuz cumhuriyetin y\u0131lmaz bek\u00e7ileri olarak, bilimsel de\u011ferlere s\u0131k\u0131 s\u0131k\u0131ya ba\u011fl\u0131 kalarak hizmet vermeye devam edece\u011fimize s\u00f6z veriyoruz. Ruhun \u015fad olsun.&#8221; RHD ve \u00dcyeleri\u2026<\/p>\n<\/div>\n<\/div>\n<\/div>\n<\/div><\/div>\n\n\n\n<div class=\"wp-block-columns alignwide are-vertically-aligned-top is-layout-flex wp-container-core-columns-is-layout-bd0aba32 wp-block-columns-is-layout-flex\">\n<div class=\"wp-block-column is-vertically-aligned-top is-layout-flow wp-block-column-is-layout-flow\">\n<div class=\"wp-block-group wp-container-content-231d8afb is-vertical is-content-justification-left is-nowrap is-layout-flex wp-container-core-group-is-layout-ee1c9ac2 wp-block-group-is-layout-flex\" style=\"margin-top:0;margin-bottom:0\">\n<figure class=\"wp-block-image size-large wp-container-content-0733e5d0\"><img loading=\"lazy\" decoding=\"async\" width=\"1024\" height=\"577\" src=\"http:\/\/romhemder.com\/wp-content\/uploads\/2024\/05\/WhatsApp-Image-2024-05-19-at-12.57.51-1024x577.jpeg\" alt=\"\" class=\"wp-image-1917\"\/><\/figure>\n\n\n\n<div class=\"wp-block-group is-vertical is-nowrap is-layout-flex wp-container-core-group-is-layout-ebc71d8e wp-block-group-is-layout-flex\"><\/div>\n<\/div>\n<\/div>\n\n\n\n<div class=\"wp-block-column is-vertically-aligned-top is-layout-flow wp-block-column-is-layout-flow\">\n<div class=\"wp-block-group wp-container-content-231d8afb is-vertical is-layout-flex wp-container-core-group-is-layout-692d0fb7 wp-block-group-is-layout-flex\" style=\"margin-top:0;margin-bottom:0\">\n<div class=\"wp-block-group is-vertical is-nowrap is-layout-flex wp-container-core-group-is-layout-ebc71d8e wp-block-group-is-layout-flex\"><\/div>\n\n\n\n<figure class=\"wp-block-image size-large\" style=\"font-size:14px\"><img loading=\"lazy\" decoding=\"async\" width=\"1024\" height=\"703\" src=\"http:\/\/romhemder.com\/wp-content\/uploads\/2024\/05\/WhatsApp-Image-2024-05-19-at-12.58.19-1-1024x703.jpeg\" alt=\"\" class=\"wp-image-1918\"\/><\/figure>\n<\/div>\n<\/div>\n<\/div>\n\n\n\n<div class=\"wp-block-columns alignwide are-vertically-aligned-top is-layout-flex wp-container-core-columns-is-layout-bd0aba32 wp-block-columns-is-layout-flex\">\n<div class=\"wp-block-column is-vertically-aligned-top is-layout-flow wp-block-column-is-layout-flow\">\n<div class=\"wp-block-group wp-container-content-231d8afb is-vertical is-content-justification-left is-nowrap is-layout-flex wp-container-core-group-is-layout-ee1c9ac2 wp-block-group-is-layout-flex\" style=\"margin-top:0;margin-bottom:0\">\n<figure class=\"wp-block-image size-full wp-container-content-0733e5d0\"><img loading=\"lazy\" decoding=\"async\" width=\"750\" height=\"424\" src=\"http:\/\/romhemder.com\/wp-content\/uploads\/2024\/05\/WhatsApp-Image-2024-05-19-at-21.52.34.jpeg\" alt=\"\" class=\"wp-image-1959\" srcset=\"https:\/\/romhemder.com\/wp-content\/uploads\/2024\/05\/WhatsApp-Image-2024-05-19-at-21.52.34.jpeg 750w, https:\/\/romhemder.com\/wp-content\/uploads\/2024\/05\/WhatsApp-Image-2024-05-19-at-21.52.34-300x170.jpeg 300w\" sizes=\"auto, (max-width: 750px) 100vw, 750px\" \/><\/figure>\n\n\n\n<div class=\"wp-block-group is-vertical is-nowrap is-layout-flex wp-container-core-group-is-layout-ebc71d8e wp-block-group-is-layout-flex\"><\/div>\n<\/div>\n<\/div>\n\n\n\n<div class=\"wp-block-column is-vertically-aligned-top is-layout-flow wp-block-column-is-layout-flow\">\n<div class=\"wp-block-group wp-container-content-231d8afb is-vertical is-layout-flex wp-container-core-group-is-layout-692d0fb7 wp-block-group-is-layout-flex\" style=\"margin-top:0;margin-bottom:0\">\n<div class=\"wp-block-group is-vertical is-nowrap is-layout-flex wp-container-core-group-is-layout-ebc71d8e wp-block-group-is-layout-flex\"><\/div>\n\n\n\n<figure class=\"wp-block-image size-large is-resized\" style=\"font-size:14px\"><img loading=\"lazy\" decoding=\"async\" src=\"http:\/\/romhemder.com\/wp-content\/uploads\/2024\/05\/WhatsApp-Image-2024-05-19-at-12.58.20-1-657x1024.jpeg\" alt=\"\" class=\"wp-image-1920\" width=\"401\" height=\"624\"\/><\/figure>\n<\/div>\n<\/div>\n<\/div>\n","protected":false},"excerpt":{"rendered":"<p>12-18 May\u0131s Hem\u015fireler Haftas\u0131 An\u0131tkabir Ziyareti ve Mozoleye \u00c7elenk Koyma T\u00f6reni Hem\u015firelik, sadece bir meslek de\u011fil, insan hayat\u0131n\u0131n en hassas anlar\u0131nda yan\u0131nda olmay\u0131, \u015fefkatle dokunmay\u0131 ve iyile\u015ftirmeyi gerektiren kutsal bir g\u00f6revdir. Her g\u00fcn, sab\u0131rla, merhametle ve profesyonellikle g\u00f6revlerini yerine getirerek<\/p>\n","protected":false},"author":2,"featured_media":0,"parent":0,"menu_order":0,"comment_status":"closed","ping_status":"closed","template":"","meta":{"footnotes":""},"class_list":["post-1924","page","type-page","status-publish","hentry"],"_links":{"self":[{"href":"https:\/\/romhemder.com\/index.php?rest_route=\/wp\/v2\/pages\/1924","targetHints":{"allow":["GET"]}}],"collection":[{"href":"https:\/\/romhemder.com\/index.php?rest_route=\/wp\/v2\/pages"}],"about":[{"href":"https:\/\/romhemder.com\/index.php?rest_route=\/wp\/v2\/types\/page"}],"author":[{"embeddable":true,"href":"https:\/\/romhemder.com\/index.php?rest_route=\/wp\/v2\/users\/2"}],"replies":[{"embeddable":true,"href":"https:\/\/romhemder.com\/index.php?rest_route=%2Fwp%2Fv2%2Fcomments&post=1924"}],"version-history":[{"count":10,"href":"https:\/\/romhemder.com\/index.php?rest_route=\/wp\/v2\/pages\/1924\/revisions"}],"predecessor-version":[{"id":1971,"href":"https:\/\/romhemder.com\/index.php?rest_route=\/wp\/v2\/pages\/1924\/revisions\/1971"}],"wp:attachment":[{"href":"https:\/\/romhemder.com\/index.php?rest_route=%2Fwp%2Fv2%2Fmedia&parent=1924"}],"curies":[{"name":"wp","href":"https:\/\/api.w.org\/{rel}","templated":true}]}}