{"id":1746,"date":"2024-02-12T22:24:39","date_gmt":"2024-02-12T19:24:39","guid":{"rendered":"https:\/\/romhemder.com\/?page_id=1746"},"modified":"2024-02-12T23:25:46","modified_gmt":"2024-02-12T20:25:46","slug":"23-ulusal-romatoloji-kongresi","status":"publish","type":"page","link":"https:\/\/romhemder.com\/?page_id=1746","title":{"rendered":"23.Ulusal Romatoloji kongresi"},"content":{"rendered":"\n<div style=\"width: 640px;\" class=\"wp-video\"><video class=\"wp-video-shortcode\" id=\"video-1746-1\" width=\"640\" height=\"360\" preload=\"metadata\" controls=\"controls\"><source type=\"video\/mp4\" src=\"http:\/\/romhemder.com\/wp-content\/uploads\/2024\/02\/WhatsApp-Video-2024-02-09-at-16.32.05-video-converter.com_-1.mp4?_=1\" \/><a href=\"http:\/\/romhemder.com\/wp-content\/uploads\/2024\/02\/WhatsApp-Video-2024-02-09-at-16.32.05-video-converter.com_-1.mp4\">http:\/\/romhemder.com\/wp-content\/uploads\/2024\/02\/WhatsApp-Video-2024-02-09-at-16.32.05-video-converter.com_-1.mp4<\/a><\/video><\/div>\n\n\n\n<p><\/p>\n\n\n\n<p>23. Ulusal Romatoloji Kongresi Hem\u015firelik Oturumlar\u0131n\u0131 13-15 Ekim 2023 tarihleri aras\u0131nda Antalya Su Sesi otelde 45 de\u011ferli \u00fcyemizin katilimi ile yedi oturumda ger\u00e7ekle\u015ftirdik. Romatoloji alan\u0131ndaki de\u011ferli bilgilerin payla\u015f\u0131ld\u0131\u011f\u0131 oturumlarda bizlere destek veren T\u00fcrkiye Romatoloji Derne\u011fi Ba\u015fkan\u0131 Say\u0131n Sedat Kiraz hocama, 23. Ulusal Romatoloji Kongre Ba\u015fkan\u0131 Say\u0131n \u0130hsan Ertenli hocama ve de\u011ferli bilgileriyle bizleri ayd\u0131nlatan t\u00fcm konu\u015fmacalar\u0131m\u0131z ile oturum ba\u015fkanlar\u0131na te\u015fekk\u00fcr ederiz.<\/p>\n","protected":false},"excerpt":{"rendered":"<p>http:\/\/romhemder.com\/wp-content\/uploads\/2024\/02\/WhatsApp-Video-2024-02-09-at-16.32.05-video-converter.com_-1.mp4 23. Ulusal Romatoloji Kongresi Hem\u015firelik Oturumlar\u0131n\u0131 13-15 Ekim 2023 tarihleri aras\u0131nda Antalya Su Sesi otelde 45 de\u011ferli \u00fcyemizin katilimi ile yedi oturumda ger\u00e7ekle\u015ftirdik. Romatoloji alan\u0131ndaki de\u011ferli bilgilerin payla\u015f\u0131ld\u0131\u011f\u0131 oturumlarda bizlere destek veren T\u00fcrkiye Romatoloji Derne\u011fi Ba\u015fkan\u0131 Say\u0131n Sedat Kiraz<\/p>\n","protected":false},"author":2,"featured_media":0,"parent":0,"menu_order":0,"comment_status":"closed","ping_status":"closed","template":"","meta":{"footnotes":""},"class_list":["post-1746","page","type-page","status-publish","hentry"],"_links":{"self":[{"href":"https:\/\/romhemder.com\/index.php?rest_route=\/wp\/v2\/pages\/1746","targetHints":{"allow":["GET"]}}],"collection":[{"href":"https:\/\/romhemder.com\/index.php?rest_route=\/wp\/v2\/pages"}],"about":[{"href":"https:\/\/romhemder.com\/index.php?rest_route=\/wp\/v2\/types\/page"}],"author":[{"embeddable":true,"href":"https:\/\/romhemder.com\/index.php?rest_route=\/wp\/v2\/users\/2"}],"replies":[{"embeddable":true,"href":"https:\/\/romhemder.com\/index.php?rest_route=%2Fwp%2Fv2%2Fcomments&post=1746"}],"version-history":[{"count":3,"href":"https:\/\/romhemder.com\/index.php?rest_route=\/wp\/v2\/pages\/1746\/revisions"}],"predecessor-version":[{"id":1761,"href":"https:\/\/romhemder.com\/index.php?rest_route=\/wp\/v2\/pages\/1746\/revisions\/1761"}],"wp:attachment":[{"href":"https:\/\/romhemder.com\/index.php?rest_route=%2Fwp%2Fv2%2Fmedia&parent=1746"}],"curies":[{"name":"wp","href":"https:\/\/api.w.org\/{rel}","templated":true}]}}