{"id":1603,"date":"2022-06-09T13:49:46","date_gmt":"2022-06-09T10:49:46","guid":{"rendered":"http:\/\/romhemder.com\/?page_id=1603"},"modified":"2022-06-09T14:13:45","modified_gmt":"2022-06-09T11:13:45","slug":"turk-hemsireler-dernegi-genel-merkezi-ziyareti","status":"publish","type":"page","link":"https:\/\/romhemder.com\/?page_id=1603","title":{"rendered":"T\u00fcrk Hem\u015fireler Derne\u011fi Genel Merkezi Ziyareti"},"content":{"rendered":"\n<p>Romatoloji Hem\u015fireleri Derne\u011fi olarak T\u00fcrk Hem\u015fireler Derne\u011fi genel merkezini ziyaret ettik.<\/p>\n\n\n\n<p>Romatoloji Hem\u015fireleri Derne\u011fi y\u00f6netim kurulu \u00fcyeleri olarak, T\u00fcrk Hem\u015fireler Derne\u011fi y\u00f6netim kurulu \u00fcyeleri ile tan\u0131\u015ft\u0131k. Derne\u011fimizin faaliyetleri, \u015fu ana kadar yapm\u0131\u015f oldu\u011fumuz \u00e7al\u0131\u015fmalar ve gelecek planlar\u0131m\u0131z ile ilgili payla\u015f\u0131mlarda bulunduk. Ortak projeler y\u00fcr\u00fctmeyi planlad\u0131k. G\u00fczel temennilerle g\u00f6r\u00fc\u015fmemizi sonland\u0131rd\u0131k.<\/p>\n\n\n\n<figure class=\"wp-block-gallery has-nested-images columns-default is-cropped wp-block-gallery-1 is-layout-flex wp-block-gallery-is-layout-flex\">\n<figure class=\"wp-block-image size-large\"><img loading=\"lazy\" decoding=\"async\" width=\"1024\" height=\"768\" data-id=\"1606\" src=\"http:\/\/romhemder.com\/wp-content\/uploads\/2022\/06\/thd1-1024x768.jpeg\" alt=\"\" class=\"wp-image-1606\" srcset=\"https:\/\/romhemder.com\/wp-content\/uploads\/2022\/06\/thd1-1024x768.jpeg 1024w, https:\/\/romhemder.com\/wp-content\/uploads\/2022\/06\/thd1-300x225.jpeg 300w, https:\/\/romhemder.com\/wp-content\/uploads\/2022\/06\/thd1-768x576.jpeg 768w, https:\/\/romhemder.com\/wp-content\/uploads\/2022\/06\/thd1-1536x1152.jpeg 1536w, https:\/\/romhemder.com\/wp-content\/uploads\/2022\/06\/thd1.jpeg 1600w\" sizes=\"auto, (max-width: 1024px) 100vw, 1024px\" \/><\/figure>\n\n\n\n<figure class=\"wp-block-image size-large\"><img loading=\"lazy\" decoding=\"async\" width=\"768\" height=\"1024\" data-id=\"1604\" src=\"http:\/\/romhemder.com\/wp-content\/uploads\/2022\/06\/thd2-768x1024.jpeg\" alt=\"\" class=\"wp-image-1604\" srcset=\"https:\/\/romhemder.com\/wp-content\/uploads\/2022\/06\/thd2-768x1024.jpeg 768w, https:\/\/romhemder.com\/wp-content\/uploads\/2022\/06\/thd2-225x300.jpeg 225w, https:\/\/romhemder.com\/wp-content\/uploads\/2022\/06\/thd2-1152x1536.jpeg 1152w, https:\/\/romhemder.com\/wp-content\/uploads\/2022\/06\/thd2.jpeg 1200w\" sizes=\"auto, (max-width: 768px) 100vw, 768px\" \/><\/figure>\n\n\n\n<figure class=\"wp-block-image size-large\"><img loading=\"lazy\" decoding=\"async\" width=\"1024\" height=\"768\" data-id=\"1607\" src=\"http:\/\/romhemder.com\/wp-content\/uploads\/2022\/06\/thd3-1024x768.jpeg\" alt=\"\" class=\"wp-image-1607\" srcset=\"https:\/\/romhemder.com\/wp-content\/uploads\/2022\/06\/thd3-1024x768.jpeg 1024w, https:\/\/romhemder.com\/wp-content\/uploads\/2022\/06\/thd3-300x225.jpeg 300w, https:\/\/romhemder.com\/wp-content\/uploads\/2022\/06\/thd3-768x576.jpeg 768w, https:\/\/romhemder.com\/wp-content\/uploads\/2022\/06\/thd3-1536x1152.jpeg 1536w, https:\/\/romhemder.com\/wp-content\/uploads\/2022\/06\/thd3.jpeg 1600w\" sizes=\"auto, (max-width: 1024px) 100vw, 1024px\" \/><\/figure>\n\n\n\n<figure class=\"wp-block-image size-large\"><img loading=\"lazy\" decoding=\"async\" width=\"1024\" height=\"768\" data-id=\"1605\" src=\"http:\/\/romhemder.com\/wp-content\/uploads\/2022\/06\/thd4-1024x768.jpeg\" alt=\"\" class=\"wp-image-1605\" srcset=\"https:\/\/romhemder.com\/wp-content\/uploads\/2022\/06\/thd4-1024x768.jpeg 1024w, https:\/\/romhemder.com\/wp-content\/uploads\/2022\/06\/thd4-300x225.jpeg 300w, https:\/\/romhemder.com\/wp-content\/uploads\/2022\/06\/thd4-768x576.jpeg 768w, https:\/\/romhemder.com\/wp-content\/uploads\/2022\/06\/thd4-1536x1152.jpeg 1536w, https:\/\/romhemder.com\/wp-content\/uploads\/2022\/06\/thd4.jpeg 1600w\" sizes=\"auto, (max-width: 1024px) 100vw, 1024px\" \/><\/figure>\n<\/figure>\n","protected":false},"excerpt":{"rendered":"<p>Romatoloji Hem\u015fireleri Derne\u011fi olarak T\u00fcrk Hem\u015fireler Derne\u011fi genel merkezini ziyaret ettik. Romatoloji Hem\u015fireleri Derne\u011fi y\u00f6netim kurulu \u00fcyeleri olarak, T\u00fcrk Hem\u015fireler Derne\u011fi y\u00f6netim kurulu \u00fcyeleri ile tan\u0131\u015ft\u0131k. Derne\u011fimizin faaliyetleri, \u015fu ana kadar yapm\u0131\u015f oldu\u011fumuz \u00e7al\u0131\u015fmalar ve gelecek planlar\u0131m\u0131z ile ilgili payla\u015f\u0131mlarda<\/p>\n","protected":false},"author":1,"featured_media":0,"parent":0,"menu_order":0,"comment_status":"closed","ping_status":"closed","template":"","meta":{"footnotes":""},"class_list":["post-1603","page","type-page","status-publish","hentry"],"_links":{"self":[{"href":"https:\/\/romhemder.com\/index.php?rest_route=\/wp\/v2\/pages\/1603","targetHints":{"allow":["GET"]}}],"collection":[{"href":"https:\/\/romhemder.com\/index.php?rest_route=\/wp\/v2\/pages"}],"about":[{"href":"https:\/\/romhemder.com\/index.php?rest_route=\/wp\/v2\/types\/page"}],"author":[{"embeddable":true,"href":"https:\/\/romhemder.com\/index.php?rest_route=\/wp\/v2\/users\/1"}],"replies":[{"embeddable":true,"href":"https:\/\/romhemder.com\/index.php?rest_route=%2Fwp%2Fv2%2Fcomments&post=1603"}],"version-history":[{"count":6,"href":"https:\/\/romhemder.com\/index.php?rest_route=\/wp\/v2\/pages\/1603\/revisions"}],"predecessor-version":[{"id":1614,"href":"https:\/\/romhemder.com\/index.php?rest_route=\/wp\/v2\/pages\/1603\/revisions\/1614"}],"wp:attachment":[{"href":"https:\/\/romhemder.com\/index.php?rest_route=%2Fwp%2Fv2%2Fmedia&parent=1603"}],"curies":[{"name":"wp","href":"https:\/\/api.w.org\/{rel}","templated":true}]}}