{"id":1594,"date":"2022-05-25T16:06:17","date_gmt":"2022-05-25T13:06:17","guid":{"rendered":"http:\/\/romhemder.com\/?page_id=1594"},"modified":"2022-05-25T16:06:17","modified_gmt":"2022-05-25T13:06:17","slug":"tarihce","status":"publish","type":"page","link":"https:\/\/romhemder.com\/?page_id=1594","title":{"rendered":"Tarih\u00e7e"},"content":{"rendered":"\n<p>Romatoloji Hem\u015fireleri Derne\u011fi, 2006 y\u0131l\u0131nda \u0130stanbul \u00dcniversitesi Cerrahpa\u015fa T\u0131p Fak\u00fcltesi Romatoloji Bilim Dal\u0131 Hem\u015fireleri taraf\u0131ndan kuruldu.<br>Kurulu\u015f amac\u0131, Romatoloji Hem\u015fireli\u011fi anlay\u0131\u015f\u0131 ve bilgisini geli\u015ftirmek, bu bilgi ve anlay\u0131\u015f\u0131 yaymakt\u0131r. Dernek amac\u0131 d\u0131\u015f\u0131nda herhangi bir konuyla (din ve siyasetle) u\u011fra\u015fmaz.<br>Fahri Ba\u015fkan Dan\u0131\u015fman: Prof.Dr. G\u00dcL\u00dcMSER ARGON<\/p>\n\n\n\n<p>Dernek Ba\u015fkanl\u0131\u011f\u0131n\u0131;<br>2006-2012 y\u0131llar\u0131 aras\u0131nda Mine Batumlu,<br>2012-2015 y\u0131llar\u0131 aras\u0131nda Dil\u015fen \u00c7evirgen,<br>2015-2018 y\u0131llar\u0131 aras\u0131nda Esra Tezer Oksel,<br>2018-2022 y\u0131llar\u0131 aras\u0131nda G\u00fclden K\u00fc\u00e7\u00fckkaraaslan y\u00fcr\u00fctm\u00fc\u015ft\u00fcr.<\/p>\n\n\n\n<p>2022 y\u0131l\u0131 Ola\u011fan Genel Kurul Toplant\u0131s\u0131nda Dernek Ba\u015fkan\u0131 olarak Deniz Delikkaya se\u00e7ilmi\u015ftir.<\/p>\n\n\n\n<p>Derne\u011fimizin Ara\u015ft\u0131rma Komisyonunda Prof. Dr. Yasemin Tokem,<br>E\u011fitim Komisyonunda Do\u00e7. Dr. Esra Tezer Oksel g\u00f6rev yapm\u0131\u015ft\u0131r.<\/p>\n\n\n\n<p>Derne\u011fimiz kuruldu\u011fu g\u00fcnden bug\u00fcne, akademisyen ve klinisyen birlikteli\u011fi ile ulusal d\u00fczeyde ve birbirini destekleyen lokal grup olarak varl\u0131\u011f\u0131n\u0131 s\u00fcrd\u00fcrm\u00fc\u015ft\u00fcr.<\/p>\n\n\n\n<p>Romatoloji hem\u015fireli\u011finin, geli\u015fime \u00e7ok a\u00e7\u0131k bir alan olmas\u0131 ile beraber, \u00f6zel bilgi, beceri ve deneyim gerektiren tedavilerin alana girmesi alana e\u011fitim deste\u011finin sa\u011flanmas\u0131, \u00fcyelerimizin istekli ve \u00e7al\u0131\u015fkan olmas\u0131 en g\u00fc\u00e7l\u00fc y\u00f6nlerimizdendir.<\/p>\n","protected":false},"excerpt":{"rendered":"<p>Romatoloji Hem\u015fireleri Derne\u011fi, 2006 y\u0131l\u0131nda \u0130stanbul \u00dcniversitesi Cerrahpa\u015fa T\u0131p Fak\u00fcltesi Romatoloji Bilim Dal\u0131 Hem\u015fireleri taraf\u0131ndan kuruldu.Kurulu\u015f amac\u0131, Romatoloji Hem\u015fireli\u011fi anlay\u0131\u015f\u0131 ve bilgisini geli\u015ftirmek, bu bilgi ve anlay\u0131\u015f\u0131 yaymakt\u0131r. Dernek amac\u0131 d\u0131\u015f\u0131nda herhangi bir konuyla (din ve siyasetle) u\u011fra\u015fmaz.Fahri Ba\u015fkan Dan\u0131\u015fman:<\/p>\n","protected":false},"author":1,"featured_media":0,"parent":0,"menu_order":0,"comment_status":"closed","ping_status":"closed","template":"","meta":{"footnotes":""},"class_list":["post-1594","page","type-page","status-publish","hentry"],"_links":{"self":[{"href":"https:\/\/romhemder.com\/index.php?rest_route=\/wp\/v2\/pages\/1594","targetHints":{"allow":["GET"]}}],"collection":[{"href":"https:\/\/romhemder.com\/index.php?rest_route=\/wp\/v2\/pages"}],"about":[{"href":"https:\/\/romhemder.com\/index.php?rest_route=\/wp\/v2\/types\/page"}],"author":[{"embeddable":true,"href":"https:\/\/romhemder.com\/index.php?rest_route=\/wp\/v2\/users\/1"}],"replies":[{"embeddable":true,"href":"https:\/\/romhemder.com\/index.php?rest_route=%2Fwp%2Fv2%2Fcomments&post=1594"}],"version-history":[{"count":1,"href":"https:\/\/romhemder.com\/index.php?rest_route=\/wp\/v2\/pages\/1594\/revisions"}],"predecessor-version":[{"id":1595,"href":"https:\/\/romhemder.com\/index.php?rest_route=\/wp\/v2\/pages\/1594\/revisions\/1595"}],"wp:attachment":[{"href":"https:\/\/romhemder.com\/index.php?rest_route=%2Fwp%2Fv2%2Fmedia&parent=1594"}],"curies":[{"name":"wp","href":"https:\/\/api.w.org\/{rel}","templated":true}]}}