{"id":1301,"date":"2022-05-17T18:32:12","date_gmt":"2022-05-17T15:32:12","guid":{"rendered":"https:\/\/romhemder.com\/?page_id=1301"},"modified":"2025-08-26T14:30:24","modified_gmt":"2025-08-26T11:30:24","slug":"romatoloji-hemsireleri-dernegi-tuzugu","status":"publish","type":"page","link":"https:\/\/romhemder.com\/?page_id=1301","title":{"rendered":"Romatoloji Hem\u015fireleri Derne\u011fi T\u00fcz\u00fc\u011f\u00fc"},"content":{"rendered":"\n<div data-wp-interactive=\"core\/file\" class=\"wp-block-file\"><object data-wp-bind--hidden=\"!state.hasPdfPreview\" hidden class=\"wp-block-file__embed\" data=\"http:\/\/romhemder.com\/wp-content\/uploads\/2025\/08\/web-sayfasi-icin-DERNEK-BARKODLU-TUZUK.pdf\" type=\"application\/pdf\" style=\"width:100%;height:600px\" aria-label=\"Romatoloji Hem\u015fireleri Derne\u011fi T\u00fcz\u00fc\u011f\u00fc g\u00f6m\u00fcs\u00fc. g\u00f6m\u00fcs\u00fc.\"><\/object><a id=\"wp-block-file--media-f37eee1e-4236-4a71-ba24-4ba450e1d25d\" href=\"http:\/\/romhemder.com\/wp-content\/uploads\/2025\/08\/web-sayfasi-icin-DERNEK-BARKODLU-TUZUK.pdf\">Romatoloji Hem\u015fireleri Derne\u011fi T\u00fcz\u00fc\u011f\u00fc<\/a><a href=\"http:\/\/romhemder.com\/wp-content\/uploads\/2025\/08\/web-sayfasi-icin-DERNEK-BARKODLU-TUZUK.pdf\" class=\"wp-block-file__button\" download aria-describedby=\"wp-block-file--media-f37eee1e-4236-4a71-ba24-4ba450e1d25d\">\u0130ndir<\/a><\/div>\n\n\n\n<p><\/p>\n","protected":false},"excerpt":{"rendered":"","protected":false},"author":1,"featured_media":0,"parent":0,"menu_order":0,"comment_status":"closed","ping_status":"closed","template":"","meta":{"footnotes":""},"class_list":["post-1301","page","type-page","status-publish","hentry"],"_links":{"self":[{"href":"https:\/\/romhemder.com\/index.php?rest_route=\/wp\/v2\/pages\/1301","targetHints":{"allow":["GET"]}}],"collection":[{"href":"https:\/\/romhemder.com\/index.php?rest_route=\/wp\/v2\/pages"}],"about":[{"href":"https:\/\/romhemder.com\/index.php?rest_route=\/wp\/v2\/types\/page"}],"author":[{"embeddable":true,"href":"https:\/\/romhemder.com\/index.php?rest_route=\/wp\/v2\/users\/1"}],"replies":[{"embeddable":true,"href":"https:\/\/romhemder.com\/index.php?rest_route=%2Fwp%2Fv2%2Fcomments&post=1301"}],"version-history":[{"count":5,"href":"https:\/\/romhemder.com\/index.php?rest_route=\/wp\/v2\/pages\/1301\/revisions"}],"predecessor-version":[{"id":2009,"href":"https:\/\/romhemder.com\/index.php?rest_route=\/wp\/v2\/pages\/1301\/revisions\/2009"}],"wp:attachment":[{"href":"https:\/\/romhemder.com\/index.php?rest_route=%2Fwp%2Fv2%2Fmedia&parent=1301"}],"curies":[{"name":"wp","href":"https:\/\/api.w.org\/{rel}","templated":true}]}}