{"id":1177,"date":"2022-05-05T11:45:29","date_gmt":"2022-05-05T08:45:29","guid":{"rendered":"http:\/\/romhemder.com\/?page_id=1177"},"modified":"2026-03-06T13:28:06","modified_gmt":"2026-03-06T10:28:06","slug":"uyelik-basvurusu","status":"publish","type":"page","link":"https:\/\/romhemder.com\/?page_id=1177","title":{"rendered":"\u00dcyelik Ba\u015fvurusu"},"content":{"rendered":"\n<p><strong>Ba\u015fvuru i\u00e7in Gerekli Evraklar<\/strong><\/p>\n\n\n\n<ol class=\"wp-block-list\">\n<li>2 Adet vesikal\u0131k foto\u011fraf<\/li>\n\n\n\n<li>Kimlik fotokopisi<\/li>\n\n\n\n<li>250 TL y\u0131ll\u0131k aidat (A.\u00dc. \u0130bn-i Sina Hastanesi\/A \u015eubesi TR11 0006 4000 0014 3640 1968 46)<\/li>\n\n\n\n<li>\u00dcyelik iste\u011fini belirten Ba\u015fvuru Dilek\u00e7esi<\/li>\n<\/ol>\n\n\n\n<div class=\"wp-block-file\"><a id=\"wp-block-file--media-6a9b2f65-7a88-40d4-aad8-38d5e5ef5565\" href=\"https:\/\/romhemder.com\/wp-content\/uploads\/2025\/08\/basvuru-dilekcesi.docx\"><strong>Ba\u015fvuru Dilek\u00e7esi<\/strong><\/a><a href=\"https:\/\/romhemder.com\/wp-content\/uploads\/2025\/08\/basvuru-dilekcesi.docx\" class=\"wp-block-file__button wp-element-button\" download aria-describedby=\"wp-block-file--media-6a9b2f65-7a88-40d4-aad8-38d5e5ef5565\">\u0130ndir<\/a><\/div>\n\n\n\n<p><strong>Romatoloji Hem\u015fireleri Derne\u011fi\u2019ne \u00dcyelik Ba\u015fvurular\u0131n\u0131n De\u011ferlendirilme S\u00fcreci<\/strong><\/p>\n\n\n\n<p>Romatoloji Hem\u015fireler Derne\u011fi\u2019ne g\u00f6ndermi\u015f oldu\u011funuz evraklar &nbsp;y\u00f6netim kurulu toplant\u0131s\u0131nda incelenerek \u00fcyelik talebiniz de\u011ferlendirmeye al\u0131n\u0131r. Evraklar\u0131n\u0131z\u0131n uygun olmas\u0131 durumunda derne\u011fimize \u00fcyelik kayd\u0131n\u0131z ger\u00e7ekle\u015ftirilir.&nbsp;&nbsp;<\/p>\n\n\n\n<div class=\"wp-block-file\"><a id=\"wp-block-file--media-b466472b-7834-4672-948f-94473fd0b5d8\" href=\"https:\/\/romhemder.com\/wp-content\/uploads\/2025\/08\/DERNEK-UYE-KAYIT-FORMU-1.docx\">DERNEK-UYE-KAYIT-FORMU-1<\/a><a href=\"https:\/\/romhemder.com\/wp-content\/uploads\/2025\/08\/DERNEK-UYE-KAYIT-FORMU-1.docx\" class=\"wp-block-file__button wp-element-button\" download aria-describedby=\"wp-block-file--media-b466472b-7834-4672-948f-94473fd0b5d8\">\u0130ndir<\/a><\/div>\n\n\n\n<p><strong>Ba\u015fvuru Evraklar\u0131n\u0131n G\u00f6nderilece\u011fi Al\u0131c\u0131 ve Adres Bilgisi:<\/strong><\/p>\n\n\n\n<p><strong>Al\u0131c\u0131: <\/strong>Tu\u011fba KO\u00c7AK<\/p>\n\n\n\n<p><strong>Adres: <\/strong> Gazi \u00dcniversitesi T\u0131p Fak\u00fcltesi Hastanesi Romatoloji Poliklini\u011fi C blok Kat 8 <\/p>\n\n\n\n<p>Emniyet Mahallesi Mevlana Bulvar\u0131 No:29 Yenimahalle 06560\/ANKARA<\/p>\n\n\n\n<p>\u0130leti\u015fim:0 553 712 06 05<\/p>\n","protected":false},"excerpt":{"rendered":"<p>Ba\u015fvuru i\u00e7in Gerekli Evraklar Romatoloji Hem\u015fireleri Derne\u011fi\u2019ne \u00dcyelik Ba\u015fvurular\u0131n\u0131n De\u011ferlendirilme S\u00fcreci Romatoloji Hem\u015fireler Derne\u011fi\u2019ne g\u00f6ndermi\u015f oldu\u011funuz evraklar &nbsp;y\u00f6netim kurulu toplant\u0131s\u0131nda incelenerek \u00fcyelik talebiniz de\u011ferlendirmeye al\u0131n\u0131r. Evraklar\u0131n\u0131z\u0131n uygun olmas\u0131 durumunda derne\u011fimize \u00fcyelik kayd\u0131n\u0131z ger\u00e7ekle\u015ftirilir.&nbsp;&nbsp; Ba\u015fvuru Evraklar\u0131n\u0131n G\u00f6nderilece\u011fi Al\u0131c\u0131 ve Adres Bilgisi:<\/p>\n","protected":false},"author":1,"featured_media":0,"parent":0,"menu_order":0,"comment_status":"closed","ping_status":"closed","template":"","meta":{"footnotes":""},"class_list":["post-1177","page","type-page","status-publish","hentry"],"_links":{"self":[{"href":"https:\/\/romhemder.com\/index.php?rest_route=\/wp\/v2\/pages\/1177","targetHints":{"allow":["GET"]}}],"collection":[{"href":"https:\/\/romhemder.com\/index.php?rest_route=\/wp\/v2\/pages"}],"about":[{"href":"https:\/\/romhemder.com\/index.php?rest_route=\/wp\/v2\/types\/page"}],"author":[{"embeddable":true,"href":"https:\/\/romhemder.com\/index.php?rest_route=\/wp\/v2\/users\/1"}],"replies":[{"embeddable":true,"href":"https:\/\/romhemder.com\/index.php?rest_route=%2Fwp%2Fv2%2Fcomments&post=1177"}],"version-history":[{"count":13,"href":"https:\/\/romhemder.com\/index.php?rest_route=\/wp\/v2\/pages\/1177\/revisions"}],"predecessor-version":[{"id":2076,"href":"https:\/\/romhemder.com\/index.php?rest_route=\/wp\/v2\/pages\/1177\/revisions\/2076"}],"wp:attachment":[{"href":"https:\/\/romhemder.com\/index.php?rest_route=%2Fwp%2Fv2%2Fmedia&parent=1177"}],"curies":[{"name":"wp","href":"https:\/\/api.w.org\/{rel}","templated":true}]}}